{"id":4945,"date":"2019-01-16T09:01:57","date_gmt":"2019-01-16T07:01:57","guid":{"rendered":"https:\/\/ss-teracon.fi\/?page_id=4945"},"modified":"2022-01-03T10:54:23","modified_gmt":"2022-01-03T08:54:23","slug":"dataskyddsbeskrivning","status":"publish","type":"page","link":"https:\/\/ss-teracon.fi\/sv\/dataskyddsbeskrivning\/","title":{"rendered":"Dataskyddsbeskrivning"},"content":{"rendered":"<h4>Behandlare av uppgifter<\/h4>\n<h6 style=\"text-align: left;\">Registerh\u00e5llare:<\/h6>\n<p style=\"text-align: left;\">SS-Teracon Oy<br \/>\nHatanp\u00e4\u00e4n Valtatie 34 D<br \/>\n33100 Tammerfors<\/p>\n<h6 style=\"text-align: left;\">Kontaktperson i \u00e4renden som g\u00e4ller registret:<\/h6>\n<p style=\"text-align: left;\">Raija Kyt\u00f6harju<br \/>\n+358 50 5760 745<br \/>\n<a href=\"mailto:raija.kytoharju@ss-teracon.fi\"><u>raija.kytoharju(miuku)ss-teracon.fi<\/u><\/a><\/p>\n<h6 style=\"text-align: left;\">Kontaktuppgifter:<\/h6>\n<p style=\"text-align: left;\">SS-Teracon Oy<br \/>\nHatanp\u00e4\u00e4n Valtatie 34 D<br \/>\n33100 Tammerfors<br \/>\n+358\u00a050 3599 204<\/p>\n<h4>Vems information behandlas<\/h4>\n<ul>\n<li>Kunders<\/li>\n<li>Potentiella kunders<\/li>\n<li>Webbplatsanv\u00e4ndarnas<\/li>\n<\/ul>\n<h4>Syfte och r\u00e4ttsgrund f\u00f6r behandling av personuppgifter<\/h4>\n<p>Personuppgifter behandlas f\u00f6r uppr\u00e4tth\u00e5llande av samarbete, utveckling och statistik.<\/p>\n<p>Personuppgifter anv\u00e4nds \u00e4ven f\u00f6r registerh\u00e5llarens marknadsf\u00f6ring, insamling av kundrespons och f\u00f6r \u00f6vrig kontakt.<\/p>\n<p>Behandling av personuppgifter grundar sig p\u00e5 registerh\u00e5llarens r\u00e4ttsliga f\u00f6rm\u00e5n, dataskyddsf\u00f6rordning (EU2016\/679).<\/p>\n<h4>Uppgifter som behandlas<\/h4>\n<p>Uppgifter som behandlas f\u00e5s huvudsakligen av den registrerade sj\u00e4lv eller av den registrerades samarbetspartner.<\/p>\n<ul>\n<li>Namn<\/li>\n<li>St\u00e4llning<\/li>\n<li>Telefonnummer<\/li>\n<li>E-postadress<\/li>\n<li>Arbetsgivarens namn och adress<\/li>\n<li>K\u00f6pta tj\u00e4nster<\/li>\n<li>Kundkontakt och kundrespons<\/li>\n<li>Uppgifter om anv\u00e4ndande av webbplatsen<\/li>\n<li>Faktureringsuppgifter<\/li>\n<\/ul>\n<h4>Den registrerades r\u00e4ttigheter<\/h4>\n<p>Den registrerade har f\u00f6ljande r\u00e4ttigheter, f\u00f6r vilkas anv\u00e4ndning f\u00f6rfr\u00e5gan m\u00e5ste g\u00f6ras personligen endera genom ett bes\u00f6k vid ett av v\u00e5ra verksamhetsst\u00e4llen eller genom att skicka en underskriven anh\u00e5llan till e-postadressen: <a href=\"mailto:ss-teracon@ss-teracon.fi\">ss-teracon@ss-teracon.fi<\/a>.<\/p>\n<p>I anh\u00e5llan skall framg\u00e5 kundens namn, personbeteckning, postadress och telefonnummer samt de uppgifter som \u00f6nskas.<\/p>\n<p>Svaren levereras alltid till en fr\u00e5n befolkningsdatasystemet bekr\u00e4ftad postadress eller till en av den rekistrerade angiven e-post adress.<\/p>\n<h6>R\u00e4tt till granskning av uppgifter<\/h6>\n<p>Den registrerade kan granska sparade uppgifter.<\/p>\n<h6>R\u00e4tt till korrigering av uppgifter<\/h6>\n<p>Den registrerade har r\u00e4tt att be om korrigering av den registrerades inexakta och felaktiga personuppgifter.<\/p>\n<h6>R\u00e4tt till mots\u00e4ttande<\/h6>\n<p>Den registrerade har r\u00e4tt att mots\u00e4tta sig behandling av personuppgifter, ifall uppgifterna behandlas lagstridigt eller om registerh\u00e5llaren inte har r\u00e4tt att behandla personuppgifterna.<\/p>\n<p>Den registrerade har r\u00e4tt att mots\u00e4tta sig behandling av personuppgifterna i direktmarknadsf\u00f6ring.n.<\/p>\n<h6>R\u00e4tt till radering<\/h6>\n<p>Den registrerade har r\u00e4tt att kr\u00e4va att bli raderad fr\u00e5n registret, ifall behandling av uppgifterna inte \u00e4r n\u00f6dv\u00e4ndig.<\/p>\n<p>Material som tillh\u00f6r bokf\u00f6ringen kan inte avl\u00e4gsnas f\u00f6re den i bokf\u00f6ringslagen (kapitel 2, 10\u00a7) best\u00e4mda tiden \u00e4r uppfylld. Om den registrerade \u00e4r av annan \u00e5sikt g\u00e4llande beslutet, har den registrerade r\u00e4tt att \u00f6verklaga till dataskyddsombudet.<\/p>\n<h6>R\u00e4tt till begr\u00e4nsning av behandling<\/h6>\n<p>Den registrerade har r\u00e4tt att begr\u00e4nsa personuppgifternas behandling ifall uppgifterna \u00e4r felaktiga, behandlingen \u00e4r lagstridig, uppgifterna inte l\u00e4ngre beh\u00f6vs eller om den registrerade har motsatt sig anv\u00e4ndningen av personuppgifterna.<\/p>\n<h6>R\u00e4tt att flytta uppgifter<\/h6>\n<p>Rekister\u00f6idyll\u00e4 on oikeus saada rekisterinpit\u00e4j\u00e4lle toimittamansa h\u00e4nt\u00e4 koskevat henkil\u00f6tiedot j\u00e4sennellyss\u00e4, yleisesti k\u00e4ytetyss\u00e4 ja koneellisesti luettavassa muodossa sek\u00e4 oikeus siirt\u00e4\u00e4 kyseiset tiedot toiselle rekisterinpit\u00e4j\u00e4lle, jos henkil\u00f6tietojen k\u00e4sittely perustuu suostumukseen tai sopimukseen ja k\u00e4sittely\u00e4 suoritetaan automaattisesti.<\/p>\n<h6>Annulering av samtycke<\/h6>\n<p>Den registrerade kan annulera sitt samtycke, om personuppgifternas behandling endast baseras p\u00e5 samtycke, och inte t.ex. kundrelation eller medlemskap.<\/p>\n<h6>Besv\u00e4rsr\u00e4tt<\/h6>\n<p>Den registrerade har r\u00e4tt att besv\u00e4ra sig till dataskyddsombudet ifall registerh\u00e5llaren bryter mot g\u00e4llande dataskyddslag. Dataskyddsombudets kontaktuppgifter: <a href=\"https:\/\/tietosuoja.fi\/sv\/kontaktuppgifter\">https:\/\/tietosuoja.fi\/sv\/kontaktuppgifter<\/a><\/p>\n<p>Den registrerade har r\u00e4tt att kr\u00e4va, att uppgifternas behandling begr\u00e4nsas under den tiden tills \u00e4rendet har f\u00e5tt ett avg\u00f6rande.<\/p>\n<h4>Insamling av uppgifter<\/h4>\n<p>Personuppgifterna samlas in av personen sj\u00e4lv i samband med personlig eller digital v\u00e4xelverkan, genom uppr\u00e4ttande av avtal eller via f\u00f6retagets webbplats.<\/p>\n<h4>F\u00f6rvaringstid av personuppgifter<\/h4>\n<p>Personuppgifterna behandlas s\u00e5 l\u00e4nge som det beh\u00f6vs. Efter detta kan personuppgifterna anv\u00e4ndas i marknadsf\u00f6ring.<\/p>\n<h4>De som behandlar personuppgifter<\/h4>\n<p>Personuppgifter behandlas av i registerh\u00e5llarens arbetsf\u00f6rh\u00e5llande varande befullm\u00e4ktigade personer tillsammans med serviceproducenter. Med serviceproducenterna \u00e4r det skriftligen \u00f6verenskommet, att personuppgifterna behandlas enligt g\u00e4llande dataskyddslagstiftning.<\/p>\n<h4>\u00d6verl\u00e5tande av personuppgifter<\/h4>\n<p>I huvudsak \u00f6verl\u00e5ter inte registerh\u00e5llaren personuppgifter i marknadsf\u00f6ringssyfte \u00e5t utomst\u00e5ende. Personuppgifter kan dock \u00f6verl\u00e5tas selektivt \u00e5t tredje part i marknadsf\u00f6ringssyfte.<\/p>\n<h4>\u00d6verf\u00f6ring av personuppgifter utanf\u00f6r EU<\/h4>\n<p>Personuppgifter \u00f6verf\u00f6rs inte utanf\u00f6r EU. Som undantag i www-sidorna anv\u00e4nda Google Analytics -tj\u00e4nst.<\/p>\n<h4>Cookies<\/h4>\n<p>Cookies anv\u00e4nds f\u00f6r insamling av anonym statistik p\u00e5 anv\u00e4ndning av www-sidorna och nyhetsbrevens anv\u00e4ndarm\u00e4ngd och anv\u00e4ndars\u00e4tt. Cookie-statistiken sammankopplas inte med personuppgifterna. Med hj\u00e4lp av denna respons str\u00e4var man till att f\u00f6rb\u00e4ttra www-sidornas och nyhetsbrevens inneh\u00e5ll.<\/p>\n<p>Med hj\u00e4lp av cookies samlas f\u00f6ljande information in:<\/p>\n<ul>\n<li>IP-adress<\/li>\n<li>bes\u00f6kstidpunkt<\/li>\n<li>bes\u00f6kta sidor och sidornas bes\u00f6kstid<\/li>\n<li>webbl\u00e4sare<\/li>\n<li>inkommande adress, dom\u00e4n och anv\u00e4nd server<\/li>\n<\/ul>\n<p>De flesta webbl\u00e4sare m\u00f6jligg\u00f6r bortkoppling av cookies.<\/p>\n<p><script id=\"CookieDeclaration\" src=\"https:\/\/consent.cookiebot.com\/22917570-c661-4d88-bfeb-de2b9012562b\/cd.js\" type=\"text\/javascript\" async><\/script><\/p>\n<h4>Google Analytics<\/h4>\n<p>Google Analytics-servicens syfte \u00e4r internetsidornas uppf\u00f6ljning, utveckling och marknadsf\u00f6ringsplanering. Personuppgifterna \u00e4r inte kopplingsbara med insamlad information.<u><\/u><\/p>\n<p>Till\u00e4ggsuppgifter om analytisk uppf\u00f6ljning finns p\u00e5 Googles dataskyddssidor: <a href=\"https:\/\/policies.google.com\/privacy?hl=sv\">https:\/\/policies.google.com\/privacy?hl=sv<\/a><\/p>\n<p>Google Analytics -uppf\u00f6ljning kan f\u00f6rhindras med hj\u00e4lp av ett skillt till\u00e4gg till webl\u00e4saren: <a href=\"http:\/\/tools.google.com\/dlpage\/gaoptout\">http:\/\/tools.google.com\/dlpage\/gaoptout<\/a><\/p>\n","protected":false},"excerpt":{"rendered":"<p>Behandlare av uppgifter Registerh\u00e5llare: SS-Teracon Oy Hatanp\u00e4\u00e4n Valtatie 34 D 33100 Tammerfors Kontaktperson i \u00e4renden som g\u00e4ller registret: Raija Kyt\u00f6harju +358 50 5760 745 raija.kytoharju(miuku)ss-teracon.fi Kontaktuppgifter: SS-Teracon Oy Hatanp\u00e4\u00e4n Valtatie&#8230;<\/p>\n","protected":false},"author":8,"featured_media":0,"parent":0,"menu_order":0,"comment_status":"closed","ping_status":"closed","template":"","meta":{"footnotes":""},"class_list":["post-4945","page","type-page","status-publish","hentry"],"_links":{"self":[{"href":"https:\/\/ss-teracon.fi\/sv\/wp-json\/wp\/v2\/pages\/4945","targetHints":{"allow":["GET"]}}],"collection":[{"href":"https:\/\/ss-teracon.fi\/sv\/wp-json\/wp\/v2\/pages"}],"about":[{"href":"https:\/\/ss-teracon.fi\/sv\/wp-json\/wp\/v2\/types\/page"}],"author":[{"embeddable":true,"href":"https:\/\/ss-teracon.fi\/sv\/wp-json\/wp\/v2\/users\/8"}],"replies":[{"embeddable":true,"href":"https:\/\/ss-teracon.fi\/sv\/wp-json\/wp\/v2\/comments?post=4945"}],"version-history":[{"count":14,"href":"https:\/\/ss-teracon.fi\/sv\/wp-json\/wp\/v2\/pages\/4945\/revisions"}],"predecessor-version":[{"id":6150,"href":"https:\/\/ss-teracon.fi\/sv\/wp-json\/wp\/v2\/pages\/4945\/revisions\/6150"}],"wp:attachment":[{"href":"https:\/\/ss-teracon.fi\/sv\/wp-json\/wp\/v2\/media?parent=4945"}],"curies":[{"name":"wp","href":"https:\/\/api.w.org\/{rel}","templated":true}]}}