{"id":4760,"date":"2019-01-09T15:36:31","date_gmt":"2019-01-09T13:36:31","guid":{"rendered":"https:\/\/ss-teracon.fi\/?page_id=4760"},"modified":"2022-02-14T11:52:22","modified_gmt":"2022-02-14T09:52:22","slug":"lediga-arbetsplatser","status":"publish","type":"page","link":"https:\/\/ss-teracon.fi\/sv\/lediga-arbetsplatser\/","title":{"rendered":"Lediga Arbetsplatser"},"content":{"rendered":"<div class=\"wpb-content-wrapper\"><p>[vc_row][vc_column]<div class=\"zozo-parallax-header\"><div class=\"parallax-header content-style-default\"><h4 class=\"parallax-title\">BLI EN DEL AV V\u00c5RT KUNNANDE TEAM<\/h4><\/div><\/div>[vc_column_text][\/vc_column_text][\/vc_column][\/vc_row][vc_row full_width=&#8221;stretch_row&#8221; parallax=&#8221;content-moving&#8221; parallax_image=&#8221;1852&#8243; center_row=&#8221;yes&#8221; typo_style=&#8221;light&#8221; el_class=&#8221;employe_custom&#8221;][vc_column]<div class=\"zozo-parallax-header wpb_animate_when_almost_visible wpb_bottom-to-top\"><div class=\"parallax-header content-style-default\"><h4 class=\"parallax-title text-center\">V\u00c5RA L\u00d6NEF\u00d6RM\u00c5NER<\/h4><\/div><\/div>[vc_row_inner][vc_column_inner el_class=&#8221;job_section&#8221; width=&#8221;1\/4&#8243;]<div class=\"zozo-feature-box feature-box-style zozo-img-hover zozo-img-hover-fade-out style-info-box style-box-with-bg style-sep-no vc_custom_1644831180387 wpb_animate_when_almost_visible wpb_left-to-right\" id=\"feature-box-1\"><div class=\"grid-item\"><div class=\"grid-box-inner grid-text-left grid-box-image grid-shape-none\"><div class=\"grid-image-wrapper zozo-image-wrapper img-none\"><img loading=\"lazy\" decoding=\"async\" width=\"497\" height=\"320\" src=\"https:\/\/ss-teracon.fi\/wp-content\/uploads\/2022\/02\/Laajennetut-ty\u00f6terveyspalvelut-497x320.jpg\" class=\"img-none attachment-theme-mid\" alt=\"\" title=\"Laajennetut ty\u00f6terveyspalvelut\" srcset=\"https:\/\/ss-teracon.fi\/wp-content\/uploads\/2022\/02\/Laajennetut-ty\u00f6terveyspalvelut.jpg 497w, https:\/\/ss-teracon.fi\/wp-content\/uploads\/2022\/02\/Laajennetut-ty\u00f6terveyspalvelut-300x193.jpg 300w\" sizes=\"auto, (max-width: 497px) 100vw, 497px\" \/><\/div><div class=\"grid-content-wrapper\"><h5 class=\"grid-title text-center \" >UTVIDGAD ARBETSH\u00c4LSOV\u00c5RD<\/h5><div class=\"grid-desc text-center\" ><h5 style=\"text-align: center;\"><strong>UTVIDGAD ARBETSH\u00c4LSOV\u00c5RD<\/strong><\/h5>\n<p style=\"text-align: center;\">Hos oss t\u00e4cker arbetsplatsh\u00e4lsov\u00e5rden en anm\u00e4rkningsv\u00e4rd m\u00e4ngd unders\u00f6kningar, vaccinationer, l\u00e5ngtidsuppf\u00f6ljningar, avbildningar, endoskopiunders\u00f6kningar och fysioterapibes\u00f6k.<\/p>\n<\/div><\/div><\/div><\/div><\/div>[\/vc_column_inner][vc_column_inner el_class=&#8221;job_section&#8221; width=&#8221;1\/4&#8243;]<div class=\"zozo-feature-box feature-box-style zozo-img-hover zozo-img-hover-fade-out style-info-box style-box-with-bg style-sep-no vc_custom_1547556359303 wpb_animate_when_almost_visible wpb_right-to-left\" id=\"feature-box-2\"><div class=\"grid-item\"><div class=\"grid-box-inner grid-text-left grid-box-image grid-shape-none\"><div class=\"grid-image-wrapper zozo-image-wrapper img-none\"><img loading=\"lazy\" decoding=\"async\" width=\"500\" height=\"320\" src=\"https:\/\/ss-teracon.fi\/wp-content\/uploads\/2018\/11\/tapaturmavakuutus-500x320.jpg\" class=\"img-none attachment-theme-mid\" alt=\"\" title=\"tapaturmavakuutus-500x320\" srcset=\"https:\/\/ss-teracon.fi\/wp-content\/uploads\/2018\/11\/tapaturmavakuutus-500x320.jpg 500w, https:\/\/ss-teracon.fi\/wp-content\/uploads\/2018\/11\/tapaturmavakuutus-500x320-300x192.jpg 300w\" sizes=\"auto, (max-width: 500px) 100vw, 500px\" \/><\/div><div class=\"grid-content-wrapper\"><h5 class=\"grid-title text-center \" >OMFATTANDE OLYCKSFALLSF\u00d6RS\u00c4KRING F\u00d6R FRITID<\/h5><div class=\"grid-desc text-center\" ><h5 style=\"text-align: center;\"><strong>OMFATTANDE OLYCKSFALLSF\u00d6RS\u00c4KRING F\u00d6R FRITID<\/strong><\/h5>\n<p style=\"text-align: center;\">V\u00e5r olycksfallsf\u00f6rs\u00e4kring t\u00e4cker \u00e4ven olyckor som sker p\u00e5 fritiden.<\/p>\n<\/div><\/div><\/div><\/div><\/div>[\/vc_column_inner][vc_column_inner el_class=&#8221;job_section&#8221; width=&#8221;1\/4&#8243;]<div class=\"zozo-feature-box feature-box-style zozo-img-hover zozo-img-hover-fade-out style-info-box style-box-with-bg style-sep-no vc_custom_1644831189568 wpb_animate_when_almost_visible wpb_top-to-bottom\" id=\"feature-box-3\"><div class=\"grid-item\"><div class=\"grid-box-inner grid-text-left grid-box-image grid-shape-none\"><div class=\"grid-image-wrapper zozo-image-wrapper img-none\"><img loading=\"lazy\" decoding=\"async\" width=\"500\" height=\"320\" src=\"https:\/\/ss-teracon.fi\/wp-content\/uploads\/2022\/02\/Bonus_2.jpg\" class=\"img-none attachment-theme-mid\" alt=\"\" title=\"Bonus_2\" srcset=\"https:\/\/ss-teracon.fi\/wp-content\/uploads\/2022\/02\/Bonus_2.jpg 500w, https:\/\/ss-teracon.fi\/wp-content\/uploads\/2022\/02\/Bonus_2-300x192.jpg 300w\" sizes=\"auto, (max-width: 500px) 100vw, 500px\" \/><\/div><div class=\"grid-content-wrapper\"><h5 class=\"grid-title text-center \" >Teracon bonus<\/h5><div class=\"grid-desc text-center\" ><h5 style=\"text-align: center;\"><strong>TERACON BONUS<\/strong><\/h5>\n<p style=\"text-align: center;\">En best\u00e4md andel av f\u00f6retagets \u00e5rliga r\u00f6relsevinst delas j\u00e4mt mellan personalen.<\/p>\n<\/div><\/div><\/div><\/div><\/div>[\/vc_column_inner][vc_column_inner el_class=&#8221;job_section&#8221; width=&#8221;1\/4&#8243;]<div class=\"zozo-feature-box feature-box-style zozo-img-hover zozo-img-hover-fade-out style-info-box style-box-with-bg style-sep-no vc_custom_1644831200063 wpb_animate_when_almost_visible wpb_top-to-bottom\" id=\"feature-box-4\"><div class=\"grid-item\"><div class=\"grid-box-inner grid-text-left grid-box-image grid-shape-none\"><div class=\"grid-image-wrapper zozo-image-wrapper img-none\"><img loading=\"lazy\" decoding=\"async\" width=\"499\" height=\"320\" src=\"https:\/\/ss-teracon.fi\/wp-content\/uploads\/2022\/02\/Sopimusruokailu_2-499x320.jpg\" class=\"img-none attachment-theme-mid\" alt=\"\" title=\"Sopimusruokailu_2\" srcset=\"https:\/\/ss-teracon.fi\/wp-content\/uploads\/2022\/02\/Sopimusruokailu_2.jpg 499w, https:\/\/ss-teracon.fi\/wp-content\/uploads\/2022\/02\/Sopimusruokailu_2-300x192.jpg 300w\" sizes=\"auto, (max-width: 499px) 100vw, 499px\" \/><\/div><div class=\"grid-content-wrapper\"><h5 class=\"grid-title text-center \" >MATAVTAL<\/h5><div class=\"grid-desc text-center\" ><h5 style=\"text-align: center;\"><strong>MATAVTAL<\/strong><\/h5>\n<p style=\"text-align: center;\">Teracon har ing\u00e5tt avtal med n\u00e5gra restauranger d\u00e4r arbetstagaren \u00e4ter f\u00f6rm\u00e5nligt och<br \/>\narbetsgivaren bekostar en del av maten.<\/p>\n<\/div><\/div><\/div><\/div><\/div>[\/vc_column_inner][\/vc_row_inner][vc_row_inner][vc_column_inner el_class=&#8221;job_section&#8221; width=&#8221;1\/4&#8243;]<div class=\"zozo-feature-box feature-box-style zozo-img-hover zozo-img-hover-fade-out style-info-box style-box-with-bg style-sep-no vc_custom_1644831211360 wpb_animate_when_almost_visible wpb_left-to-right\" id=\"feature-box-5\"><div class=\"grid-item\"><div class=\"grid-box-inner grid-text-left grid-box-image grid-shape-none\"><div class=\"grid-image-wrapper zozo-image-wrapper img-none\"><img loading=\"lazy\" decoding=\"async\" width=\"500\" height=\"320\" src=\"https:\/\/ss-teracon.fi\/wp-content\/uploads\/2022\/02\/Kulttuuriseteli.jpg\" class=\"img-none attachment-theme-mid\" alt=\"\" title=\"Kulttuuriseteli\" srcset=\"https:\/\/ss-teracon.fi\/wp-content\/uploads\/2022\/02\/Kulttuuriseteli.jpg 500w, https:\/\/ss-teracon.fi\/wp-content\/uploads\/2022\/02\/Kulttuuriseteli-300x192.jpg 300w\" sizes=\"auto, (max-width: 500px) 100vw, 500px\" \/><\/div><div class=\"grid-content-wrapper\"><h5 class=\"grid-title text-center \" >MOTIONS- OCH KULTURSEDLAR<\/h5><div class=\"grid-desc text-center\" ><h5 style=\"text-align: center;\"><strong>MOTIONS- OCH KULTURSEDLAR<\/strong><\/h5>\n<p style=\"text-align: center;\">V\u00e5ra arbetstagare f\u00e5r det av skatteverket godk\u00e4nda maximala antalet motions- och kultursedlar.<\/p>\n<\/div><\/div><\/div><\/div><\/div>[\/vc_column_inner][vc_column_inner el_class=&#8221;job_section&#8221; width=&#8221;1\/4&#8243;]<div class=\"zozo-feature-box feature-box-style zozo-img-hover zozo-img-hover-fade-out style-info-box style-box-with-bg style-sep-no vc_custom_1547556508363 wpb_animate_when_almost_visible wpb_right-to-left\" id=\"feature-box-6\"><div class=\"grid-item\"><div class=\"grid-box-inner grid-text-left grid-box-image grid-shape-none\"><div class=\"grid-image-wrapper zozo-image-wrapper img-none\"><img loading=\"lazy\" decoding=\"async\" width=\"500\" height=\"320\" src=\"https:\/\/ss-teracon.fi\/wp-content\/uploads\/2018\/11\/Virkistystoiminta-500x320.jpg\" class=\"img-none attachment-theme-mid\" alt=\"\" title=\"Virkistystoiminta-500x320\" srcset=\"https:\/\/ss-teracon.fi\/wp-content\/uploads\/2018\/11\/Virkistystoiminta-500x320.jpg 500w, https:\/\/ss-teracon.fi\/wp-content\/uploads\/2018\/11\/Virkistystoiminta-500x320-300x192.jpg 300w\" sizes=\"auto, (max-width: 500px) 100vw, 500px\" \/><\/div><div class=\"grid-content-wrapper\"><h5 class=\"grid-title text-center \" >REKREATIONSVERKSAMHET<\/h5><div class=\"grid-desc text-center\" ><h5 style=\"text-align: center;\"><strong>REKREATIONSVERKSAMHET<\/strong><\/h5>\n<p style=\"text-align: center;\">Hos oss kan rekreationsdagarna \u00e4ga rum utomlands bakom styret p\u00e5 en vattenskoter! V\u00e5r rekreationsverksamhet \u00f6vertr\u00e4ffar alla andras!<\/p>\n<\/div><\/div><\/div><\/div><\/div>[\/vc_column_inner][vc_column_inner el_class=&#8221;job_section&#8221; width=&#8221;1\/4&#8243;]<div class=\"zozo-feature-box feature-box-style zozo-img-hover zozo-img-hover-fade-out style-info-box style-box-with-bg style-sep-no vc_custom_1644831273422 wpb_animate_when_almost_visible wpb_top-to-bottom\" id=\"feature-box-7\"><div class=\"grid-item\"><div class=\"grid-box-inner grid-text-left grid-box-image grid-shape-none\"><div class=\"grid-image-wrapper zozo-image-wrapper img-none\"><img loading=\"lazy\" decoding=\"async\" width=\"500\" height=\"320\" src=\"https:\/\/ss-teracon.fi\/wp-content\/uploads\/2018\/11\/Liukuva-tyoaika-500x320.jpg\" class=\"img-none attachment-theme-mid\" alt=\"\" title=\"Liukuva-tyoaika-500x320\" srcset=\"https:\/\/ss-teracon.fi\/wp-content\/uploads\/2018\/11\/Liukuva-tyoaika-500x320.jpg 500w, https:\/\/ss-teracon.fi\/wp-content\/uploads\/2018\/11\/Liukuva-tyoaika-500x320-300x192.jpg 300w\" sizes=\"auto, (max-width: 500px) 100vw, 500px\" \/><\/div><div class=\"grid-content-wrapper\"><h5 class=\"grid-title text-center \" >FLEXIBEL ARBETSTID OCH ARBETSTIDBANK<\/h5><div class=\"grid-desc text-center\" ><h5 style=\"text-align: center;\"><strong>FLEXIBEL ARBETSTID OCH ARBETSTIDSBANK<\/strong><\/h5>\n<p style=\"text-align: center;\">Flexibel arbetstid \u00f6kar flexibiliteten. Arbetstidsbanken ger flexibilitet.<\/p>\n<\/div><\/div><\/div><\/div><\/div>[\/vc_column_inner][vc_column_inner el_class=&#8221;job_section&#8221; width=&#8221;1\/4&#8243;]<div class=\"zozo-feature-box feature-box-style zozo-img-hover zozo-img-hover-fade-out style-info-box style-box-with-bg style-sep-no vc_custom_1644832321890 wpb_animate_when_almost_visible wpb_top-to-bottom\" id=\"feature-box-8\"><div class=\"grid-item\"><div class=\"grid-box-inner grid-text-left grid-box-image grid-shape-none\"><div class=\"grid-image-wrapper zozo-image-wrapper img-none\"><img loading=\"lazy\" decoding=\"async\" width=\"500\" height=\"320\" src=\"https:\/\/ss-teracon.fi\/wp-content\/uploads\/2022\/02\/Ty\u00f6suhdepy\u00f6r\u00e4.jpg\" class=\"img-none attachment-theme-mid\" alt=\"\" title=\"Ty\u00f6suhdepy\u00f6r\u00e4\" srcset=\"https:\/\/ss-teracon.fi\/wp-content\/uploads\/2022\/02\/Ty\u00f6suhdepy\u00f6r\u00e4.jpg 500w, https:\/\/ss-teracon.fi\/wp-content\/uploads\/2022\/02\/Ty\u00f6suhdepy\u00f6r\u00e4-300x192.jpg 300w\" sizes=\"auto, (max-width: 500px) 100vw, 500px\" \/><\/div><div class=\"grid-content-wrapper\"><h5 class=\"grid-title text-center \" >NATURAF\u00d6RM\u00c5NSCYKEL<\/h5><div class=\"grid-desc text-center\" ><h5 style=\"text-align: center;\"><strong>NATURAF\u00d6RM\u00c5NSCYKEL<\/strong><\/h5>\n<p style=\"text-align: center;\">Om du som v\u00e5r arbetstagare \u00f6nskar, har du f\u00f6r eget bruk \u00e4ven m\u00f6jlighet att v\u00e4lja antingen en el- eller en traditionell cykel f\u00f6r att underl\u00e4tta din vardagliga motion.<\/p>\n<\/div><\/div><\/div><\/div><\/div>[\/vc_column_inner][\/vc_row_inner][vc_row_inner][vc_column_inner el_class=&#8221;job_section&#8221; width=&#8221;1\/4&#8243;]<div class=\"zozo-feature-box feature-box-style zozo-img-hover zozo-img-hover-fade-out style-info-box style-box-with-bg style-sep-no vc_custom_1547556609770 wpb_animate_when_almost_visible wpb_left-to-right\" id=\"feature-box-9\"><div class=\"grid-item\"><div class=\"grid-box-inner grid-text-left grid-box-image grid-shape-none\"><div class=\"grid-image-wrapper zozo-image-wrapper img-none\"><img loading=\"lazy\" decoding=\"async\" width=\"500\" height=\"320\" src=\"https:\/\/ss-teracon.fi\/wp-content\/uploads\/2018\/11\/Tyosuhdepuhelin-500x320.jpg\" class=\"img-none attachment-theme-mid\" alt=\"\" title=\"Tyosuhdepuhelin-500x320\" srcset=\"https:\/\/ss-teracon.fi\/wp-content\/uploads\/2018\/11\/Tyosuhdepuhelin-500x320.jpg 500w, https:\/\/ss-teracon.fi\/wp-content\/uploads\/2018\/11\/Tyosuhdepuhelin-500x320-300x192.jpg 300w\" sizes=\"auto, (max-width: 500px) 100vw, 500px\" \/><\/div><div class=\"grid-content-wrapper\"><h5 class=\"grid-title text-center \" >ARBETSF\u00d6RM\u00c5NSTELEFON<\/h5><div class=\"grid-desc text-center\" ><h5 style=\"text-align: center;\"><strong>ARBETSF\u00d6RM\u00c5NSTELEFON<\/strong><\/h5>\n<p style=\"text-align: center;\">Arbetsf\u00f6rm\u00e5nstelefon h\u00f6r till varje arbetstagares r\u00e4ttigheter.<\/p>\n<\/div><\/div><\/div><\/div><\/div>[\/vc_column_inner][vc_column_inner el_class=&#8221;job_section&#8221; width=&#8221;1\/4&#8243;]<div class=\"zozo-feature-box feature-box-style zozo-img-hover zozo-img-hover-fade-out style-info-box style-box-with-bg style-sep-no vc_custom_1644831393656 wpb_animate_when_almost_visible wpb_right-to-left\" id=\"feature-box-10\"><div class=\"grid-item\"><div class=\"grid-box-inner grid-text-left grid-box-image grid-shape-none\"><div class=\"grid-image-wrapper zozo-image-wrapper img-none\"><img loading=\"lazy\" decoding=\"async\" width=\"499\" height=\"314\" src=\"https:\/\/ss-teracon.fi\/wp-content\/uploads\/2022\/02\/Valinnanvapaus-tyovalineisiin_1.jpg\" class=\"img-none attachment-theme-mid\" alt=\"\" title=\"Valinnanvapaus-tyovalineisiin_1\" srcset=\"https:\/\/ss-teracon.fi\/wp-content\/uploads\/2022\/02\/Valinnanvapaus-tyovalineisiin_1.jpg 499w, https:\/\/ss-teracon.fi\/wp-content\/uploads\/2022\/02\/Valinnanvapaus-tyovalineisiin_1-300x189.jpg 300w\" sizes=\"auto, (max-width: 499px) 100vw, 499px\" \/><\/div><div class=\"grid-content-wrapper\"><h5 class=\"grid-title text-center \" >VALFRIHET MED ARBETSREDSKAPEN <\/h5><div class=\"grid-desc text-center\" ><h5 style=\"text-align: center;\"><strong>VALFRIHET MED ARBETSREDSKAPEN\u00a0<\/strong><\/h5>\n<p style=\"text-align: center;\">Hos oss f\u00e5r du v\u00e4lja vad du sitter p\u00e5 eller om du sitter alls och vilka arbetsredskap du anv\u00e4nder.<\/p>\n<\/div><\/div><\/div><\/div><\/div>[\/vc_column_inner][vc_column_inner el_class=&#8221;job_section&#8221; width=&#8221;1\/4&#8243;]<div class=\"zozo-feature-box feature-box-style zozo-img-hover zozo-img-hover-fade-out style-info-box style-box-with-bg style-sep-no vc_custom_1644831403984 wpb_animate_when_almost_visible wpb_top-to-bottom\" id=\"feature-box-11\"><div class=\"grid-item\"><div class=\"grid-box-inner grid-text-left grid-box-image grid-shape-none\"><div class=\"grid-image-wrapper zozo-image-wrapper img-none\"><img loading=\"lazy\" decoding=\"async\" width=\"499\" height=\"320\" src=\"https:\/\/ss-teracon.fi\/wp-content\/uploads\/2022\/02\/Hieronta_1-499x320.jpg\" class=\"img-none attachment-theme-mid\" alt=\"\" title=\"Hieronta_1\" srcset=\"https:\/\/ss-teracon.fi\/wp-content\/uploads\/2022\/02\/Hieronta_1.jpg 499w, https:\/\/ss-teracon.fi\/wp-content\/uploads\/2022\/02\/Hieronta_1-300x192.jpg 300w\" sizes=\"auto, (max-width: 499px) 100vw, 499px\" \/><\/div><div class=\"grid-content-wrapper\"><h5 class=\"grid-title text-center \" >TERACON MASSAGE<\/h5><div class=\"grid-desc text-center\" ><h5 style=\"text-align: center;\"><strong>TERACON MASSAGE<\/strong><\/h5>\n<p style=\"text-align: center;\">V\u00e5ra arbetstagare f\u00e5r bes\u00f6ka arbetsplatsmass\u00f6ren tv\u00e5 g\u00e5nger i m\u00e5naden.<\/p>\n<\/div><\/div><\/div><\/div><\/div>[\/vc_column_inner][vc_column_inner el_class=&#8221;job_section&#8221; width=&#8221;1\/4&#8243;]<div class=\"zozo-feature-box feature-box-style zozo-img-hover zozo-img-hover-fade-out style-info-box style-box-with-bg style-sep-no vc_custom_1547556678598 wpb_animate_when_almost_visible wpb_top-to-bottom\" id=\"feature-box-12\"><div class=\"grid-item\"><div class=\"grid-box-inner grid-text-left grid-box-image grid-shape-none\"><div class=\"grid-image-wrapper zozo-image-wrapper img-none\"><img loading=\"lazy\" decoding=\"async\" width=\"500\" height=\"320\" src=\"https:\/\/ss-teracon.fi\/wp-content\/uploads\/2018\/11\/Teracon-sports-500x320.jpg\" class=\"img-none attachment-theme-mid\" alt=\"\" title=\"Teracon-sports-500x320\" srcset=\"https:\/\/ss-teracon.fi\/wp-content\/uploads\/2018\/11\/Teracon-sports-500x320.jpg 500w, https:\/\/ss-teracon.fi\/wp-content\/uploads\/2018\/11\/Teracon-sports-500x320-300x192.jpg 300w\" sizes=\"auto, (max-width: 500px) 100vw, 500px\" \/><\/div><div class=\"grid-content-wrapper\"><h5 class=\"grid-title text-center \" >Teracon sports<\/h5><div class=\"grid-desc text-center\" ><h5 style=\"text-align: center;\"><strong>TERACON SPORTS<\/strong><\/h5>\n<p style=\"text-align: center;\">Hos oss spelar vi olika spel en g\u00e5ng i veckan! F\u00f6r tillf\u00e4llet spelar vi badminton och pickleball.<\/p>\n<\/div><\/div><\/div><\/div><\/div>[\/vc_column_inner][\/vc_row_inner][\/vc_column][\/vc_row]<\/p>\n<\/div>","protected":false},"excerpt":{"rendered":"<p>[vc_row][vc_column][vc_column_text][\/vc_column_text][\/vc_column][\/vc_row][vc_row full_width=&#8221;stretch_row&#8221; parallax=&#8221;content-moving&#8221; parallax_image=&#8221;1852&#8243; center_row=&#8221;yes&#8221; typo_style=&#8221;light&#8221; el_class=&#8221;employe_custom&#8221;][vc_column][vc_row_inner][vc_column_inner el_class=&#8221;job_section&#8221; width=&#8221;1\/4&#8243;][\/vc_column_inner][vc_column_inner el_class=&#8221;job_section&#8221; width=&#8221;1\/4&#8243;][\/vc_column_inner][vc_column_inner el_class=&#8221;job_section&#8221; width=&#8221;1\/4&#8243;][\/vc_column_inner][vc_column_inner el_class=&#8221;job_section&#8221; width=&#8221;1\/4&#8243;][\/vc_column_inner][\/vc_row_inner][vc_row_inner][vc_column_inner el_class=&#8221;job_section&#8221; width=&#8221;1\/4&#8243;][\/vc_column_inner][vc_column_inner el_class=&#8221;job_section&#8221; width=&#8221;1\/4&#8243;][\/vc_column_inner][vc_column_inner el_class=&#8221;job_section&#8221; width=&#8221;1\/4&#8243;][\/vc_column_inner][vc_column_inner el_class=&#8221;job_section&#8221; width=&#8221;1\/4&#8243;][\/vc_column_inner][\/vc_row_inner][vc_row_inner][vc_column_inner el_class=&#8221;job_section&#8221; width=&#8221;1\/4&#8243;][\/vc_column_inner][vc_column_inner el_class=&#8221;job_section&#8221; width=&#8221;1\/4&#8243;][\/vc_column_inner][vc_column_inner el_class=&#8221;job_section&#8221; width=&#8221;1\/4&#8243;][\/vc_column_inner][vc_column_inner el_class=&#8221;job_section&#8221;&#8230;<\/p>\n","protected":false},"author":8,"featured_media":0,"parent":0,"menu_order":0,"comment_status":"closed","ping_status":"closed","template":"","meta":{"footnotes":""},"class_list":["post-4760","page","type-page","status-publish","hentry"],"_links":{"self":[{"href":"https:\/\/ss-teracon.fi\/sv\/wp-json\/wp\/v2\/pages\/4760","targetHints":{"allow":["GET"]}}],"collection":[{"href":"https:\/\/ss-teracon.fi\/sv\/wp-json\/wp\/v2\/pages"}],"about":[{"href":"https:\/\/ss-teracon.fi\/sv\/wp-json\/wp\/v2\/types\/page"}],"author":[{"embeddable":true,"href":"https:\/\/ss-teracon.fi\/sv\/wp-json\/wp\/v2\/users\/8"}],"replies":[{"embeddable":true,"href":"https:\/\/ss-teracon.fi\/sv\/wp-json\/wp\/v2\/comments?post=4760"}],"version-history":[{"count":9,"href":"https:\/\/ss-teracon.fi\/sv\/wp-json\/wp\/v2\/pages\/4760\/revisions"}],"predecessor-version":[{"id":8362,"href":"https:\/\/ss-teracon.fi\/sv\/wp-json\/wp\/v2\/pages\/4760\/revisions\/8362"}],"wp:attachment":[{"href":"https:\/\/ss-teracon.fi\/sv\/wp-json\/wp\/v2\/media?parent=4760"}],"curies":[{"name":"wp","href":"https:\/\/api.w.org\/{rel}","templated":true}]}}