{"id":2519,"date":"2017-11-21T15:33:41","date_gmt":"2017-11-21T13:33:41","guid":{"rendered":"https:\/\/ss-teracon.fi\/?page_id=2519"},"modified":"2022-01-03T10:45:35","modified_gmt":"2022-01-03T08:45:35","slug":"betongkonstruktionsplanering","status":"publish","type":"page","link":"https:\/\/ss-teracon.fi\/sv\/vara-tjanster\/betongkonstruktionsplanering\/","title":{"rendered":"Betongkonstruktionsplanering"},"content":{"rendered":"<div class=\"wpb-content-wrapper\"><p>[vc_row][vc_column width=&#8221;2\/3&#8243; css=&#8221;.vc_custom_1512990358437{padding-right: 32px !important;}&#8221;][vc_column_text]<\/p>\n<h2>Betongkonstruktionsplanering<\/h2>\n<p style=\"text-align: left;\">Betongkostruktionsplanering \u00e4r b\u00e4st att utf\u00f6ra i samband med \u00f6vrig konstruktionsplanering. Vi har gjort betongelementplanering i samband med annan \u00f6vrig konstruktionsplanering redan i \u00f6ver 10 \u00e5rs tid. Vi anv\u00e4nder BIM-modellering \u00e4ven i betongelementplaneringen. Vi har en l\u00e5ng erfarenhet inom konstruktionsplanering och dimensionering, s\u00e5 med v\u00e5r erfarenhet kan vi \u00e4ven hj\u00e4lpa till med planering och optimering av betongkonstruktioner.<\/p>\n<p style=\"text-align: left;\">Ta kontakt och best\u00e4ll st\u00e5lkonstruktionsplanering av SS-Teracon Oy.<\/p>\n<p style=\"text-align: left;\">Bekanta er ocks\u00e5 med v\u00e5ra andra tj\u00e4nster.<\/p>\n<p>[\/vc_column_text][\/vc_column][vc_column width=&#8221;1\/3&#8243;]<div class=\"zozo-parallax-header plan_well_title wpb_animate_when_almost_visible wpb_bottom-to-top\"><div class=\"parallax-header content-style-default\"><h5 class=\"parallax-title\">Profesionella st\u00e5lkonstruktionsplaneringar anpassar sig bra till produktionen<\/h5><div class=\"parallax-desc default-style\"><h5>Ringa +358 50 3599 204<\/h5>\n<\/div><\/div><\/div><div class=\"zozo-testimonial-slider-wrapper wpb_animate_when_almost_visible wpb_bottom-to-top\"><div id=\"zozo-testimonial-slider1\" class=\"zozo-owl-carousel owl-carousel testimonial-carousel-slider\" data-items=\"1\"  data-slideby=\"1\"  data-items-tablet=\"1\"  data-items-mobile-landscape=\"1\"  data-items-mobile-portrait=\"1\"  data-autoplay=\"true\"  data-autoplay-timeout=\"5000\"  data-loop=\"false\"  data-margin=\"30\"  data-pagination=\"true\"  data-navigation=\"false\" ><div class=\"testimonial-item tstyle-no-border\"><div class=\"testimonial-content\"><blockquote>Kvalitet, f\u00f6rst\u00e5else f\u00f6r verkstaden i ritningar, att h\u00e5lla tidsplanen, flexibilitet.<\/blockquote><\/div><div class=\"author-info-box\"><div class=\"testimonial-img\"><img loading=\"lazy\" decoding=\"async\" src=\"https:\/\/ss-teracon.fi\/wp-content\/uploads\/2025\/01\/Beamnet-85x85.jpg\" width=\"85\" height=\"85\" alt=\"Jussi Heikkil\u00e4\" class=\"img-responsive\" \/><\/div><div class=\"author-details\"><p><span class=\"testimonial-author-name\"><a href=\"https:\/\/ss-teracon.fi\/sv\/testimonial\/jussi-heikkila\/\" title=\"Jussi Heikkil\u00e4\">Jussi Heikkil\u00e4<\/a><\/span><\/p><p class=\"author-designation-info\"><span class=\"testimonial-author-designation\">Operativ chef<\/span><span class=\"testimonial-author-company\">Beam-Net Oy<\/span><\/p><\/div><\/div><\/div><div class=\"testimonial-item tstyle-no-border\"><div class=\"testimonial-content\"><blockquote>Teracons planering motsvarar exakt det som har blivit best\u00e4llt. De planerar konstruktionerna s\u00e4kert och kostnadseffektivt, med betoning p\u00e5 stabilitet och anslutningars kvalitet. Ett skickligt g\u00e4ng.<\/blockquote><\/div><div class=\"author-info-box\"><div class=\"testimonial-img\"><img loading=\"lazy\" decoding=\"async\" src=\"https:\/\/ss-teracon.fi\/wp-content\/uploads\/2018\/12\/Nordec_logo-85x85.jpg\" width=\"85\" height=\"85\" alt=\"Pasi Parkkinen\" class=\"img-responsive\" \/><\/div><div class=\"author-details\"><p><span class=\"testimonial-author-name\"><a href=\"https:\/\/ss-teracon.fi\/sv\/testimonial\/pasi-parkkinen\/\" title=\"Pasi Parkkinen\">Pasi Parkkinen<\/a><\/span><\/p><p class=\"author-designation-info\"><span class=\"testimonial-author-designation\">Aff\u00e4rsenhets direkt\u00f6r<\/span><span class=\"testimonial-author-company\">Nordec Oy<\/span><\/p><\/div><\/div><\/div><div class=\"testimonial-item tstyle-no-border\"><div class=\"testimonial-content\"><blockquote><em>F\u00f6r mig \u00e4r SS-Teracon en p\u00e5litlig kumpan, med vilka vi tillsammans har l\u00f6st de mest utmanande situationerna p\u00e5 ett helheltsm\u00e4ssigt b\u00e4sta s\u00e4tt. Fungerande konstruktionsl\u00f6sningar och kvalitativa tillverkningsritningar m\u00f6jligg\u00f6r det b\u00e4sta m\u00f6jliga slutresultatet. N\u00e4ra relationer med SS-Teracons projektchefer och planerare g\u00f6r att det \u00e4r l\u00e4tt att st\u00e4ndigt utveckla gemensamma verksamhetsmodeller. Det \u00e4r alltid trevligt att p\u00e5b\u00f6rja ett nytt projekt med SS-Teracon \u2013 och i slutet av projektet har jag varit n\u00f6jd med hur det har g\u00e5tt \u2013 det s\u00e4ger en hel del om v\u00e5rt samarbete.<\/em><\/blockquote><\/div><div class=\"author-info-box\"><div class=\"testimonial-img\"><img loading=\"lazy\" decoding=\"async\" src=\"https:\/\/ss-teracon.fi\/wp-content\/uploads\/2016\/01\/YcLqrbDc_400x400-85x85.jpg\" width=\"85\" height=\"85\" alt=\"Mika J\u00e4sperl\u00e4\" class=\"img-responsive\" \/><\/div><div class=\"author-details\"><p><span class=\"testimonial-author-name\"><a href=\"https:\/\/ss-teracon.fi\/sv\/testimonial\/mika-jasperla\/\" title=\"Mika J\u00e4sperl\u00e4\">Mika J\u00e4sperl\u00e4<\/a><\/span><\/p><p class=\"author-designation-info\"><span class=\"testimonial-author-designation\">Design- och utvecklingschef<\/span><span class=\"testimonial-author-company\">Ter\u00e4selementti Oy<\/span><\/p><\/div><\/div><\/div><div class=\"testimonial-item tstyle-no-border\"><div class=\"testimonial-content\"><blockquote>Teracon \u00e4r framf\u00f6rallt en viktig samarbetspartner f\u00f6r oss. Vi har \u00e4ven egna konstrukt\u00f6rer, men Teracon sk\u00f6ter projekten med s\u00e5dan kompetens, s\u00e5 att samarbetet fungerar bra. Vi har tillsammans byggt t.ex. en tennis- och idrottshall i Kisakallio i Lojo, Hydrolinks lager i Raseborg och Vihannes Oy:s logistikhall i S:t Michel. Den helhetsbaserade och praktiska planeringskunskapen som Teracon besitter skiljer f\u00f6retaget fr\u00e5n andra.<\/blockquote><div class=\"testimonial-rating\"><div class=\"rateit\" data-rateit-value=\"5\" data-rateit-ispreset=\"true\" data-rateit-readonly=\"true\"><\/div><\/div><\/div><div class=\"author-info-box\"><div class=\"testimonial-img\"><img loading=\"lazy\" decoding=\"async\" src=\"https:\/\/ss-teracon.fi\/wp-content\/uploads\/2019\/01\/Besthall-logo-85x85.png\" width=\"85\" height=\"85\" alt=\"Jan Hilden\" class=\"img-responsive\" \/><\/div><div class=\"author-details\"><p><span class=\"testimonial-author-name\"><a href=\"https:\/\/ss-teracon.fi\/sv\/testimonial\/jan-hilden\/\" title=\"Jan Hilden\">Jan Hilden<\/a><\/span><\/p><p class=\"author-designation-info\"><span class=\"testimonial-author-designation\">Aff\u00e4rschef<\/span><span class=\"testimonial-author-company\">Best-Hall<\/span><\/p><\/div><\/div><\/div><div class=\"testimonial-item tstyle-no-border\"><div class=\"testimonial-content\"><blockquote>SS-Teracon har under flera \u00e5rs tid varit en viktig och p\u00e5litlig kumpan i kr\u00e4vande st\u00e5lkonstruktionsprojekt. Planerarnas professionalitet \u00e4r helt i sin egen klass. P\u00e5 Teracon tar man \u00e4ven mycket v\u00e4l st\u00e5lverkstadens behov i beaktande. Vi uppskattar \u00e4ven deras n\u00e5barhet stort; vi har alltid f\u00e5tt hj\u00e4lp av dem vid akuta fr\u00e5gor \u00e4ven ut\u00f6ver arbetstid.<\/blockquote><div class=\"testimonial-rating\"><div class=\"rateit\" data-rateit-value=\"5\" data-rateit-ispreset=\"true\" data-rateit-readonly=\"true\"><\/div><\/div><\/div><div class=\"author-info-box\"><div class=\"testimonial-img\"><img loading=\"lazy\" decoding=\"async\" src=\"https:\/\/ss-teracon.fi\/wp-content\/uploads\/2016\/01\/JPV-Engineering-Oy-logo-85x85.png\" width=\"85\" height=\"85\" alt=\"Petri V\u00e4is\u00e4nen\" class=\"img-responsive\" \/><\/div><div class=\"author-details\"><p><span class=\"testimonial-author-name\"><a href=\"https:\/\/ss-teracon.fi\/sv\/testimonial\/petri-vaisanen\/\" title=\"Petri V\u00e4is\u00e4nen\">Petri V\u00e4is\u00e4nen<\/a><\/span><\/p><p class=\"author-designation-info\"><span class=\"testimonial-author-designation\">Verkst\u00e4llande director<\/span><span class=\"testimonial-author-company\">JPV Engineering Oy<\/span><\/p><\/div><\/div><\/div><\/div><\/div>[\/vc_column][\/vc_row][vc_row full_width=&#8221;stretch_row&#8221; typo_style=&#8221;light&#8221; css=&#8221;.vc_custom_1547715444776{background-image: url(\/wp-content\/uploads\/2017\/10\/must_tausta.jpg?id=1852) !important;background-position: center !important;background-repeat: no-repeat !important;background-size: cover !important;}&#8221; el_class=&#8221;service_caption-in&#8221;][vc_column width=&#8221;1\/4&#8243;]<style type=\"text\/css\" scoped>#feature-box-1.feature-box-style.style-box-with-bg .grid-item { background-color:#1a1a1d; }\n<\/style><div class=\"zozo-feature-box feature-box-style zozo-img-hover zozo-img-hover-fade-out style-info-box style-box-with-bg style-sep-no vc_custom_1550654700476 wpb_animate_when_almost_visible wpb_left-to-right\" id=\"feature-box-1\"><div class=\"grid-item\"><div class=\"grid-box-inner grid-text-left grid-box-image grid-shape-none\"><div class=\"grid-image-wrapper zozo-image-wrapper img-none\"><a href=\"https:\/\/ss-teracon.fi\/sv\/vara-tjanster\/stalkonstruktionsplanering\/\" title=\"\" target=\"_self\"><img loading=\"lazy\" decoding=\"async\" width=\"500\" height=\"320\" src=\"https:\/\/ss-teracon.fi\/wp-content\/uploads\/2018\/11\/terasrakennesuunnittelu_pieni500x320.jpg\" class=\"img-none attachment-theme-mid\" alt=\"\" title=\"terasrakennesuunnittelu_pieni500x320\" srcset=\"https:\/\/ss-teracon.fi\/wp-content\/uploads\/2018\/11\/terasrakennesuunnittelu_pieni500x320.jpg 500w, https:\/\/ss-teracon.fi\/wp-content\/uploads\/2018\/11\/terasrakennesuunnittelu_pieni500x320-300x192.jpg 300w\" sizes=\"auto, (max-width: 500px) 100vw, 500px\" \/><\/a><\/div><div class=\"grid-content-wrapper\"><a href=\"https:\/\/ss-teracon.fi\/sv\/vara-tjanster\/stalkonstruktionsplanering\/\" title=\"\" target=\"_self\"><h5 class=\"grid-title text-center \" >St\u00e5lkonstruktions<br \/>\nplanering<\/h5><\/a><\/div><\/div><\/div><\/div>[\/vc_column][vc_column width=&#8221;1\/4&#8243;]<style type=\"text\/css\" scoped>#feature-box-2.feature-box-style.style-box-with-bg .grid-item { background-color:#1a1a1d; }\n<\/style><div class=\"zozo-feature-box feature-box-style zozo-img-hover zozo-img-hover-fade-out style-info-box style-box-with-bg style-sep-no vc_custom_1550654688727 wpb_animate_when_almost_visible wpb_right-to-left\" id=\"feature-box-2\"><div class=\"grid-item\"><div class=\"grid-box-inner grid-text-left grid-box-image grid-shape-none\"><div class=\"grid-image-wrapper zozo-image-wrapper img-none\"><a href=\"https:\/\/ss-teracon.fi\/sv\/vara-tjanster\/betongkonstruktionsplanering\/\" title=\"\" target=\"_self\"><img loading=\"lazy\" decoding=\"async\" width=\"500\" height=\"320\" src=\"https:\/\/ss-teracon.fi\/wp-content\/uploads\/2017\/10\/Betonirakennesuunnittelu.jpg\" class=\"img-none attachment-theme-mid\" alt=\"\" title=\"Betonirakennesuunnittelu\" srcset=\"https:\/\/ss-teracon.fi\/wp-content\/uploads\/2017\/10\/Betonirakennesuunnittelu.jpg 500w, https:\/\/ss-teracon.fi\/wp-content\/uploads\/2017\/10\/Betonirakennesuunnittelu-300x192.jpg 300w\" sizes=\"auto, (max-width: 500px) 100vw, 500px\" \/><\/a><\/div><div class=\"grid-content-wrapper\"><a href=\"https:\/\/ss-teracon.fi\/sv\/vara-tjanster\/betongkonstruktionsplanering\/\" title=\"\" target=\"_self\"><h5 class=\"grid-title text-center \" >Betongkonstruktions<br \/>\nplanering<\/h5><\/a><\/div><\/div><\/div><\/div>[\/vc_column][vc_column width=&#8221;1\/4&#8243;]<style type=\"text\/css\" scoped>#feature-box-3.feature-box-style.style-box-with-bg .grid-item { background-color:#1a1a1d; }\n<\/style><div class=\"zozo-feature-box feature-box-style zozo-img-hover zozo-img-hover-fade-out style-info-box style-box-with-bg style-sep-no vc_custom_1550654710900 wpb_animate_when_almost_visible wpb_top-to-bottom\" id=\"feature-box-3\"><div class=\"grid-item\"><div class=\"grid-box-inner grid-text-left grid-box-image grid-shape-none\"><div class=\"grid-image-wrapper zozo-image-wrapper img-none\"><a href=\"https:\/\/ss-teracon.fi\/sv\/vara-tjanster\/konstruktionsplanering\/\" title=\"\" target=\"_self\"><img loading=\"lazy\" decoding=\"async\" width=\"500\" height=\"319\" src=\"https:\/\/ss-teracon.fi\/wp-content\/uploads\/2018\/12\/Rakennesuunnittelu_500x320-500x319.jpg\" class=\"img-none attachment-theme-mid\" alt=\"\" title=\"Rakennesuunnittelu_500x320\" srcset=\"https:\/\/ss-teracon.fi\/wp-content\/uploads\/2018\/12\/Rakennesuunnittelu_500x320.jpg 500w, https:\/\/ss-teracon.fi\/wp-content\/uploads\/2018\/12\/Rakennesuunnittelu_500x320-300x191.jpg 300w\" sizes=\"auto, (max-width: 500px) 100vw, 500px\" \/><\/a><\/div><div class=\"grid-content-wrapper\"><a href=\"https:\/\/ss-teracon.fi\/sv\/vara-tjanster\/konstruktionsplanering\/\" title=\"\" target=\"_self\"><h5 class=\"grid-title text-center \" >Konstruktions<br \/>\nplanering<\/h5><\/a><\/div><\/div><\/div><\/div>[\/vc_column][vc_column width=&#8221;1\/4&#8243;]<style type=\"text\/css\" scoped>#feature-box-4.feature-box-style.style-box-with-bg .grid-item { background-color:#1a1a1d; }\n<\/style><div class=\"zozo-feature-box feature-box-style zozo-img-hover zozo-img-hover-fade-out style-info-box style-box-with-bg style-sep-no vc_custom_1549880049049 wpb_animate_when_almost_visible wpb_top-to-bottom\" id=\"feature-box-4\"><div class=\"grid-item\"><div class=\"grid-box-inner grid-text-left grid-box-image grid-shape-none\"><div class=\"grid-image-wrapper zozo-image-wrapper img-none\"><a href=\"https:\/\/ss-teracon.fi\/sv\/vara-tjanster\/hallfasthetsberakning\/\" title=\"\" target=\"_self\"><img loading=\"lazy\" decoding=\"async\" width=\"500\" height=\"320\" src=\"https:\/\/ss-teracon.fi\/wp-content\/uploads\/2018\/12\/Lujuuslaskenta_500x320.jpg\" class=\"img-none attachment-theme-mid\" alt=\"\" title=\"Lujuuslaskenta_500x320\" srcset=\"https:\/\/ss-teracon.fi\/wp-content\/uploads\/2018\/12\/Lujuuslaskenta_500x320.jpg 500w, https:\/\/ss-teracon.fi\/wp-content\/uploads\/2018\/12\/Lujuuslaskenta_500x320-300x192.jpg 300w\" sizes=\"auto, (max-width: 500px) 100vw, 500px\" \/><\/a><\/div><div class=\"grid-content-wrapper\"><a href=\"https:\/\/ss-teracon.fi\/sv\/vara-tjanster\/hallfasthetsberakning\/\" title=\"\" target=\"_self\"><h5 class=\"grid-title text-center \" >H\u00e5llfasthetsber\u00e4kning<\/h5><\/a><\/div><\/div><\/div><\/div>[\/vc_column][\/vc_row]<\/p>\n<\/div>","protected":false},"excerpt":{"rendered":"<p>[vc_row][vc_column width=&#8221;2\/3&#8243; css=&#8221;.vc_custom_1512990358437{padding-right: 32px !important;}&#8221;][vc_column_text] Betongkonstruktionsplanering Betongkostruktionsplanering \u00e4r b\u00e4st att utf\u00f6ra i samband med \u00f6vrig konstruktionsplanering. Vi har gjort betongelementplanering i samband med annan \u00f6vrig konstruktionsplanering redan i \u00f6ver 10&#8230;<\/p>\n","protected":false},"author":8,"featured_media":2923,"parent":2283,"menu_order":0,"comment_status":"closed","ping_status":"closed","template":"","meta":{"footnotes":""},"class_list":["post-2519","page","type-page","status-publish","has-post-thumbnail","hentry"],"_links":{"self":[{"href":"https:\/\/ss-teracon.fi\/sv\/wp-json\/wp\/v2\/pages\/2519","targetHints":{"allow":["GET"]}}],"collection":[{"href":"https:\/\/ss-teracon.fi\/sv\/wp-json\/wp\/v2\/pages"}],"about":[{"href":"https:\/\/ss-teracon.fi\/sv\/wp-json\/wp\/v2\/types\/page"}],"author":[{"embeddable":true,"href":"https:\/\/ss-teracon.fi\/sv\/wp-json\/wp\/v2\/users\/8"}],"replies":[{"embeddable":true,"href":"https:\/\/ss-teracon.fi\/sv\/wp-json\/wp\/v2\/comments?post=2519"}],"version-history":[{"count":31,"href":"https:\/\/ss-teracon.fi\/sv\/wp-json\/wp\/v2\/pages\/2519\/revisions"}],"predecessor-version":[{"id":3989,"href":"https:\/\/ss-teracon.fi\/sv\/wp-json\/wp\/v2\/pages\/2519\/revisions\/3989"}],"up":[{"embeddable":true,"href":"https:\/\/ss-teracon.fi\/sv\/wp-json\/wp\/v2\/pages\/2283"}],"wp:featuredmedia":[{"embeddable":true,"href":"https:\/\/ss-teracon.fi\/sv\/wp-json\/wp\/v2\/media\/2923"}],"wp:attachment":[{"href":"https:\/\/ss-teracon.fi\/sv\/wp-json\/wp\/v2\/media?parent=2519"}],"curies":[{"name":"wp","href":"https:\/\/api.w.org\/{rel}","templated":true}]}}