{"id":2301,"date":"2017-11-06T12:13:05","date_gmt":"2017-11-06T10:13:05","guid":{"rendered":"https:\/\/ss-teracon.fi\/?page_id=2301"},"modified":"2019-01-16T11:54:07","modified_gmt":"2019-01-16T09:54:07","slug":"foretaget","status":"publish","type":"page","link":"https:\/\/ss-teracon.fi\/sv\/foretaget\/","title":{"rendered":"F\u00f6retaget"},"content":{"rendered":"<div class=\"wpb-content-wrapper\"><p>[vc_row][vc_column width=&#8221;2\/3&#8243;]<div class=\"zozo-parallax-header\"><div class=\"parallax-header content-style-default\"><h4 class=\"parallax-title\">St\u00e5lkunnande<\/h4><div class=\"parallax-desc default-style\"><p style=\"text-align: left;\">Vi har i \u00f6ver 25-\u00e5rs tid planerat h\u00e5llbara konstruktionsl\u00f6sningar i samarbete med st\u00e5lentrepren\u00f6rer, byggherrar och byggf\u00f6retag. Kostnadseffektiva l\u00f6sningar, h\u00f6g kunskap och snabb offertber\u00e4kning bidrar till att v\u00e5ra kunder uppn\u00e5r sina ekonomiska och tidsm\u00e4ssiga m\u00e5l.<\/p>\n<p style=\"text-align: left;\">V\u00e5ra planerare har kompetens f\u00f6r exceptionellt kr\u00e4vande st\u00e5lbyggnadsplanering (FISE kompetensregister) och starkt kunnande inom betongkonstruktionsplanering. Till f\u00f6rfogande har vi de b\u00e4sta programmen f\u00f6r BIM-modellering och konstruktionsdimensionering. Vi utvecklar st\u00e4ndigt egna planeringsverktyg. Vi har st\u00e5lkunnande.<\/p>\n<\/div><\/div><\/div><div class=\"zozo-parallax-header\"><div class=\"parallax-header content-style-default\"><h4 class=\"parallax-title\">FR\u00c5N ST\u00c5LKONSTRUKTIONSPLANERARE TILL M\u00c5NGKUNNIG PLANERARE<\/h4><div class=\"parallax-desc default-style\"><p style=\"text-align: left;\">F\u00f6retaget \u00e4r grundat i Tammerfors \u00e5r 1992. Namnet Teracon som s\u00e5dant godk\u00e4ndes inte av handelsregistret, s\u00e5 grundaren Seppo Salos initialer lades till i f\u00f6retagsnamnets b\u00f6rjan.<\/p>\n<p style=\"text-align: left;\">I och med l\u00e5gkonjunkturen och Havaka Oy:s konskurs var aktie\u00e4garen Seppo tvungen att s\u00f6ka arbete i form av ett familjef\u00f6retag. Med f\u00e4rdigt goda relationer med den unga kollegan och numera \u00e4ven aktie\u00e4garen Pasi Koivisto fick f\u00f6retagsverksamheten en bra start. F\u00f6retaget koncentrerade sig till en b\u00f6rjan p\u00e5 st\u00e5lkonstruktioners produktomr\u00e5desplanering och d\u00e4rigenom har punktlighet och tillverkningsbarhet redan fr\u00e5n f\u00f6rsta b\u00f6rjan h\u00f6rt till Teracons f\u00f6retagskultur.<\/p>\n<p style=\"text-align: left;\">Teracon har alltid str\u00e4vat till att utveckla effektiva planeringsprocesser. Under de f\u00f6rsta 10 \u00e5ren utf\u00f6rde vi planeringen med Autocad-program och med av oss utvecklade automatiserade tabellbottnar. \u00c5r 2001 \u00f6vergick vi i snabb takt till 3d-planering och tog Teklas Xsteel-program (numera Teklas Struktures) i anv\u00e4ndning. I utnyttjande av BIM-modellering l\u00e5g vi tidigt i spetsgruppen, och dit str\u00e4var vi forts\u00e4ttningsvis genom ett kontinuerligt utvecklingsarbete.<\/p>\n<p style=\"text-align: left;\">Till produktomr\u00e5desplaneringen h\u00f6r v\u00e4sentligen offertskedets konstruktionsber\u00e4kning och konstruktionens optimering. Den h\u00e4r ber\u00e4kningskulturen har vi \u00e4ven \u00f6verf\u00f6rt till \u00f6vrig konstruktionsplanering. Hos oss dimensioneras alla byggnadskonstruktioner f\u00f6r att motsvara de verkliga belastningar som p\u00e5verkar byggnaden. Vi sparar p\u00e5 s\u00e5 vis b\u00e5de p\u00e5 v\u00e5ra kunders kostnader utan att pruta p\u00e5 v\u00e5r egen arbetsinsats!<\/p>\n<p style=\"text-align: left;\">I f\u00f6retagets tillv\u00e4xt har vi str\u00e4vat till att betj\u00e4na v\u00e5ra kunder \u00e4nnu b\u00e4ttre \u00e4n tidigare och erbjuder helt\u00e4ckande konstruktionsplanering.<\/p>\n<p style=\"text-align: left;\">\u00c5r 2018 publicerade Ter\u00e4srakennelehti ett portr\u00e4tt p\u00e5 SS-Teracons grundare Seppo Salo. L\u00e4s artikeln h\u00e4r p\u00e5 finska: <em><a href=\"https:\/\/ss-teracon.fi\/wp-content\/uploads\/2018\/12\/terasrakenne_2018-02_sepposalo.pdf\">Ter\u00e4srakennelehti 2\/2018<\/a><\/em><\/p>\n<\/div><\/div><\/div>[\/vc_column][vc_column width=&#8221;1\/3&#8243;][vc_single_image image=&#8221;4491&#8243; img_size=&#8221;full&#8221;][\/vc_column][\/vc_row][vc_row][vc_column][\/vc_column][\/vc_row]<\/p>\n<\/div>","protected":false},"excerpt":{"rendered":"<p>[vc_row][vc_column width=&#8221;2\/3&#8243;][\/vc_column][vc_column width=&#8221;1\/3&#8243;][vc_single_image image=&#8221;4491&#8243; img_size=&#8221;full&#8221;][\/vc_column][\/vc_row][vc_row][vc_column][\/vc_column][\/vc_row]<\/p>\n","protected":false},"author":8,"featured_media":0,"parent":0,"menu_order":0,"comment_status":"closed","ping_status":"closed","template":"","meta":{"footnotes":""},"class_list":["post-2301","page","type-page","status-publish","hentry"],"_links":{"self":[{"href":"https:\/\/ss-teracon.fi\/sv\/wp-json\/wp\/v2\/pages\/2301","targetHints":{"allow":["GET"]}}],"collection":[{"href":"https:\/\/ss-teracon.fi\/sv\/wp-json\/wp\/v2\/pages"}],"about":[{"href":"https:\/\/ss-teracon.fi\/sv\/wp-json\/wp\/v2\/types\/page"}],"author":[{"embeddable":true,"href":"https:\/\/ss-teracon.fi\/sv\/wp-json\/wp\/v2\/users\/8"}],"replies":[{"embeddable":true,"href":"https:\/\/ss-teracon.fi\/sv\/wp-json\/wp\/v2\/comments?post=2301"}],"version-history":[{"count":12,"href":"https:\/\/ss-teracon.fi\/sv\/wp-json\/wp\/v2\/pages\/2301\/revisions"}],"predecessor-version":[{"id":4968,"href":"https:\/\/ss-teracon.fi\/sv\/wp-json\/wp\/v2\/pages\/2301\/revisions\/4968"}],"wp:attachment":[{"href":"https:\/\/ss-teracon.fi\/sv\/wp-json\/wp\/v2\/media?parent=2301"}],"curies":[{"name":"wp","href":"https:\/\/api.w.org\/{rel}","templated":true}]}}